{"id":31287,"date":"2019-02-07T13:45:24","date_gmt":"2019-02-07T12:45:24","guid":{"rendered":"https:\/\/hotel-tobler.ch\/allgemeines\/"},"modified":"2026-03-24T09:11:45","modified_gmt":"2026-03-24T08:11:45","slug":"informations-generales","status":"publish","type":"page","link":"https:\/\/hotel-tobler.ch\/fr\/informations-generales\/","title":{"rendered":"Informations g\u00e9n\u00e9rales"},"content":{"rendered":"<div class=\"wpb-content-wrapper\"><p>[vc_row dfd_bg_style=\u00a0\u00bbimage\u00a0\u00bb dfd_bg_image_new=\u00a0\u00bb29907&Prime; dfd_bg_image_repeat=\u00a0\u00bbno-repeat\u00a0\u00bb dfd_bg_image_size=\u00a0\u00bbmanual\u00a0\u00bb dfd_bg_image_manual_size=\u00a0\u00bb100%\u00a0\u00bb dfd_bg_img_attach=\u00a0\u00bbfixed\u00a0\u00bb dfd_bg_image_position=\u00a0\u00bb0px -130px\u00a0\u00bb dfd_bg_image_repeat_mobile=\u00a0\u00bbno-repeat\u00a0\u00bb dfd_bg_image_size_mobile=\u00a0\u00bbmanual\u00a0\u00bb dfd_bg_image_manual_size_mobile=\u00a0\u00bb130%\u00a0\u00bb dfd_enable_overlay=\u00a0\u00bb\u00a0\u00bb dfd_row_config=\u00a0\u00bbfull_width_content\u00a0\u00bb el_class=\u00a0\u00bbresponsive_space\u00a0\u00bb dfd_bg_image_new_responsive=\u00a0\u00bb29907&Prime; dfd_bg_resolution=\u00a0\u00bb800&Prime; dfd_bg_image_position_mobile=\u00a0\u00bb0px 50px\u00a0\u00bb][vc_column]<div class=\"dfd-spacer-module\"  data-units=\"px\" data-wide_resolution=\"1280\" data-wide_size=\"600\" data-normal_resolution=\"1024\" data-normal_size=\"450\" data-tablet_resolution=\"750\" data-tablet_size=\"650\" data-mobile_resolution=\"480\" data-mobile_size=\"350\" style=\"height: 600px;\"><\/div>[\/vc_column][\/vc_row][vc_row css=\u00a0\u00bb.vc_custom_1549536449751{padding-right: 30px !important;padding-left: 30px !important;}\u00a0\u00bb][vc_column]<div class=\"dfd-spacer-module\"  data-units=\"px\" data-wide_resolution=\"1280\" data-wide_size=\"100\" data-normal_resolution=\"1024\" data-normal_size=\"100\" data-tablet_resolution=\"800\" data-tablet_size=\"80\" data-mobile_resolution=\"480\" data-mobile_size=\"50\" style=\"height: 100px;\"><\/div><div class=\"dfd-heading-shortcode\"><div class=\"dfd-heading-module-wrap titolo-esperienza text-center style_05 cr-animate-gen dfd-heading-69e0eaee4f76c dfd-disable-resposive-headings\" id=\"dfd-heading-69e0eaee4f76c\" data-animate-type = \"transition.expandIn\" ><div class=\"inline-block\"><div class=\"dfd-heading-module\"><div class=\"widget-title dfd-title block-title\" style=\"font-family:Noto Serif; font-weight:400; font-style:normal; font-size: 70px; color: #000000 !important; line-height: 80px; letter-spacing: 0px; \">Informations g\u00e9n\u00e9rales<\/div><\/div><\/div><\/div><script type=\"text\/javascript\">\r\n\t\t\t\t\t\t\t\t\t(function($) {\r\n\t\t\t\t\t\t\t\t\t\t$(\"head\").append(\"<style>.dfd-heading-69e0eaee4f76c.dfd-heading-module-wrap .dfd-heading-module .dfd-heading-delimiter {margin-top:10px;margin-bottom:10px;}@media (max-width: 1279px) and (min-width: 1024px){.dfd-heading-69e0eaee4f76c .dfd-title{font-size: 60px !important;letter-spacing: 0px !important;line-height: 70px !important;}}@media (max-width: 1023px) and (min-width: 800px){.dfd-heading-69e0eaee4f76c .dfd-title{font-size: 55px !important;letter-spacing: 0px !important;line-height: 65px !important;}}@media (max-width: 799px){.dfd-heading-69e0eaee4f76c .dfd-title{font-size: 45px !important;letter-spacing: 0px !important;line-height: 55px !important;}}<\/style>\");\r\n\t\t\t\t\t\t\t\t\t})(jQuery);\r\n\t\t\t\t\t\t\t\t<\/script><\/div><div class=\"dfd-spacer-module\"  data-units=\"px\" data-wide_resolution=\"1280\" data-wide_size=\"100\" data-normal_resolution=\"1024\" data-normal_size=\"100\" data-tablet_resolution=\"800\" data-tablet_size=\"80\" data-mobile_resolution=\"480\" data-mobile_size=\"50\" style=\"height: 100px;\"><\/div>[\/vc_column][\/vc_row][vc_row][vc_column dfd_column_responsive_enable=\u00a0\u00bbdfd-column-responsive-enable\u00a0\u00bb css=\u00a0\u00bb.vc_custom_1549544796457{padding-right: 100px !important;padding-left: 100px !important;}\u00a0\u00bb responsive_styles=\u00a0\u00bbpadding_left_desktop:0|padding_right_desktop:0|padding_left_tablet:0|padding_right_tablet:0|padding_left_mobile:0|padding_right_mobile:0&Prime;][dfd_accordion active_section=\u00a0\u00bb1&Prime; font_size=\u00a0\u00bb\u00a0\u00bb underline=\u00a0\u00bb\u00a0\u00bb tab_title_google_fonts=\u00a0\u00bbyes\u00a0\u00bb tab_title_custom_fonts=\u00a0\u00bbfont_family:Noto%20Serif%3Aregular%2Citalic%2C700%2C700italic|font_style:400%20regular%3A400%3Anormal\u00a0\u00bb icon_size=\u00a0\u00bb\u00a0\u00bb border_radius=\u00a0\u00bb0&Prime; tab_background=\u00a0\u00bb#ffffff\u00a0\u00bb tab_hover_background=\u00a0\u00bb#ffffff\u00a0\u00bb active_tab_background=\u00a0\u00bb#ffffff\u00a0\u00bb border_color_radius=\u00a0\u00bb#ffffff\u00a0\u00bb border_color_active=\u00a0\u00bb#ffffff\u00a0\u00bb color_content_area=\u00a0\u00bb#ffffff\u00a0\u00bb tab_text_color=\u00a0\u00bb#000000&Prime; tab_hover_text_color=\u00a0\u00bb#000000&Prime; tab_active_color_text=\u00a0\u00bb#000000&Prime; icon_color=\u00a0\u00bb#000000&Prime;][vc_tta_section title=\u00a0\u00bb\u00c9quipement des chambres\u00a0\u00bb tab_id=\u00a0\u00bb1549543431518-c40ee66c-35ee\u00a0\u00bb][vc_column_text css=\u00a0\u00bb.vc_custom_1774339728403{padding-bottom: 30px !important;}\u00a0\u00bb]Veuillez noter que toutes les chambres ne sont pas accessibles par ascenseur et que la climatisation est disponible uniquement dans les chambres doubles de l&rsquo;H\u00f4tel Tobler. Les chambres simples de l&rsquo;H\u00f4tel et toutes les chambres du B&amp;B Villa Toblerina ne disposent pas de la climatisation. Les taxes de s\u00e9jour sont factur\u00e9es s\u00e9par\u00e9ment.[\/vc_column_text][\/vc_tta_section][vc_tta_section title=\u00a0\u00bbChiens\u00a0\u00bb tab_id=\u00a0\u00bb1549543431615-c05486d3-e413&Prime;][vc_column_text css=\u00a0\u00bb.vc_custom_1549545828568{padding-bottom: 30px !important;}\u00a0\u00bb]Les chiens sont les bienvenus chez nous. Veuillez comprendre que votre animal de compagnie n&rsquo;a pas acc\u00e8s \u00e0 certaines chambres, au restaurant, \u00e0 la terrasse, \u00e0 la pelouse pour les bains de soleil ou autour de la piscine. Nous facturons un suppl\u00e9ment de 20 CHF par nuit.[\/vc_column_text][\/vc_tta_section][vc_tta_section title=\u00a0\u00bbConditions d&apos;annulation\u00a0\u00bb tab_id=\u00a0\u00bb1549545623010-8f07b584-cb50&Prime;][vc_column_text css=\u00a0\u00bb.vc_custom_1613382346485{padding-bottom: 30px !important;}\u00a0\u00bb]Jusqu&rsquo;\u00e0 5 jours avant l&rsquo;arriv\u00e9e, nous acceptons une annulation sans frais.[\/vc_column_text][\/vc_tta_section][vc_tta_section title=\u00a0\u00bbH\u00f4tel non fumeur\u00a0\u00bb tab_id=\u00a0\u00bb1549545650173-379f965f-c4a6&Prime;][vc_column_text css=\u00a0\u00bb.vc_custom_1549545839792{padding-bottom: 30px !important;}\u00a0\u00bb]Notre h\u00f4tel propose des chambres exclusivement non-fumeurs. Le restaurant et tout l&rsquo;espace int\u00e9rieur sont \u00e9galement non-fumeurs.[\/vc_column_text][\/vc_tta_section][vc_tta_section title=\u00a0\u00bbVoiture\u00a0\u00bb tab_id=\u00a0\u00bb1549545675634-495848ec-2a4e\u00a0\u00bb][vc_column_text css=\u00a0\u00bb.vc_custom_1681192402959{padding-bottom: 30px !important;}\u00a0\u00bb]Les propres places de parking de l\u2019h\u00f4tel sont gratuites. Nous offrons la possibilit\u00e9 de recharger vos voitures \u00e9lectriques au prix de CHF 20.\u2013 par s\u00e9jour.[\/vc_column_text][\/vc_tta_section][vc_tta_section title=\u00a0\u00bbPour les familles avec enfants\u00a0\u00bb tab_id=\u00a0\u00bb1549545719942-81e1c92f-ba36&Prime;][vc_column_text css=\u00a0\u00bb.vc_custom_1752672130442{padding-bottom: 30px !important;}\u00a0\u00bb]Nos chambres familiales, avec une porte communicante vers une chambre d\u2019enfants \u00e9quip\u00e9e de sa propre douche\/WC et t\u00e9l\u00e9vision, sont id\u00e9ales comme petit appartement familial. Nous mettons volontiers \u00e0 votre disposition un lit b\u00e9b\u00e9 ou une chaise haute. Une salle de jeux avec baby-foot est \u00e9galement \u00e0 votre disposition. Veuillez contacter notre r\u00e9ception pour une offre adapt\u00e9e.[\/vc_column_text][\/vc_tta_section][vc_tta_section title=\u00a0\u00bbService de navette\u00a0\u00bb tab_id=\u00a0\u00bb1549545742948-c561d1c6-b9d7&Prime;][vc_column_text css=\u00a0\u00bb.vc_custom_1774339836442{padding-bottom: 30px !important;}\u00a0\u00bb]Transfert gratuit depuis et vers la gare de Locarno \u00e0 l&rsquo;arriv\u00e9e et au d\u00e9part. Service quotidien de 8h00 \u00e0 17h00 depuis et vers le centre d&rsquo;Ascona inclus pour les clients de l&rsquo;H\u00f4tel. Veuillez r\u00e9server \u00e0 l&rsquo;avance.[\/vc_column_text][\/vc_tta_section][vc_tta_section title=\u00a0\u00bbOptions de paiement\u00a0\u00bb tab_id=\u00a0\u00bb1549545765165-d1c90e38-ed66&Prime;][vc_column_text css=\u00a0\u00bb.vc_custom_1549545880311{padding-bottom: 30px !important;}\u00a0\u00bb]Paiement en esp\u00e8ces et cartes de cr\u00e9dit en francs ou en euros, American Express, Eurocard\/Mastercard, VISA, Postcard, EC Direkt.<\/p>\n<p>&nbsp;<\/p>\n<p>Notre compte bancaire<br \/>Banca Raiffeisen Losone<br \/>Circolo delle Isole<br \/>6612 Ascona<\/p>\n<p>&nbsp;<\/p>\n<p>Compte n\u00b0 15967.14 pour CHF<br \/>IBAN CH59 8033 3000 0015 9671 4 \/ CHF<\/p>\n<p>&nbsp;<\/p>\n<p>Compte n\u00b0 15967.44 pour l&rsquo;euro<br \/>IBAN CH25 8033 3000 0015 9674 4 \/ EUR<\/p>\n<p>&nbsp;<\/p>\n<p>Notre compte postal<br \/>65-7643-6 Ascona[\/vc_column_text][\/vc_tta_section][\/dfd_accordion][\/vc_column][\/vc_row][vc_row][vc_column]<div class=\"dfd-spacer-module\"  data-units=\"px\" data-wide_resolution=\"1280\" data-wide_size=\"50\" data-normal_resolution=\"1024\" data-normal_size=\"50\" data-tablet_resolution=\"800\" data-tablet_size=\"50\" data-mobile_resolution=\"480\" data-mobile_size=\"50\" style=\"height: 50px;\"><\/div>[\/vc_column][\/vc_row]<\/p>\n<\/div>","protected":false},"excerpt":{"rendered":"<p>[vc_row dfd_bg_style=\u00a0\u00bbimage\u00a0\u00bb dfd_bg_image_new=\u00a0\u00bb29907&Prime; dfd_bg_image_repeat=\u00a0\u00bbno-repeat\u00a0\u00bb dfd_bg_image_size=\u00a0\u00bbmanual\u00a0\u00bb dfd_bg_image_manual_size=\u00a0\u00bb100%\u00a0\u00bb dfd_bg_img_attach=\u00a0\u00bbfixed\u00a0\u00bb dfd_bg_image_position=\u00a0\u00bb0px -130px\u00a0\u00bb dfd_bg_image_repeat_mobile=\u00a0\u00bbno-repeat\u00a0\u00bb dfd_bg_image_size_mobile=\u00a0\u00bbmanual\u00a0\u00bb dfd_bg_image_manual_size_mobile=\u00a0\u00bb130%\u00a0\u00bb dfd_enable_overlay=\u00a0\u00bb\u00a0\u00bb dfd_row_config=\u00a0\u00bbfull_width_content\u00a0\u00bb el_class=\u00a0\u00bbresponsive_space\u00a0\u00bb dfd_bg_image_new_responsive=\u00a0\u00bb29907&Prime; dfd_bg_resolution=\u00a0\u00bb800&Prime; dfd_bg_image_position_mobile=\u00a0\u00bb0px 50px\u00a0\u00bb][vc_column][\/vc_column][\/vc_row][vc_row css=\u00a0\u00bb.vc_custom_1549536449751{padding-right: 30px !important;padding-left: 30px !important;}\u00a0\u00bb][vc_column][\/vc_column][\/vc_row][vc_row][vc_column dfd_column_responsive_enable=\u00a0\u00bbdfd-column-responsive-enable\u00a0\u00bb css=\u00a0\u00bb.vc_custom_1549544796457{padding-right: 100px !important;padding-left: 100px !important;}\u00a0\u00bb<\/p>\n","protected":false},"author":1,"featured_media":0,"parent":0,"menu_order":0,"comment_status":"closed","ping_status":"closed","template":"page-custom.php","meta":{"_acf_changed":false,"inline_featured_image":false,"_monsterinsights_skip_tracking":false,"_monsterinsights_sitenote_active":false,"_monsterinsights_sitenote_note":"","_monsterinsights_sitenote_category":0,"footnotes":""},"class_list":["post-31287","page","type-page","status-publish","hentry"],"acf":[],"yoast_head":"<!-- This site is optimized with the Yoast SEO plugin v26.5 - https:\/\/yoast.com\/wordpress\/plugins\/seo\/ -->\n<title>Informations g\u00e9n\u00e9rales - hotel-tobler<\/title>\n<meta name=\"robots\" content=\"index, follow, max-snippet:-1, max-image-preview:large, max-video-preview:-1\" \/>\n<link rel=\"canonical\" href=\"https:\/\/hotel-tobler.ch\/allgemeines\/\" \/>\n<meta property=\"og:locale\" content=\"fr_FR\" \/>\n<meta property=\"og:type\" content=\"article\" \/>\n<meta property=\"og:title\" content=\"Informations g\u00e9n\u00e9rales - hotel-tobler\" \/>\n<meta property=\"og:description\" content=\"[vc_row dfd_bg_style=\u00a0\u00bbimage\u00a0\u00bb dfd_bg_image_new=\u00a0\u00bb29907&Prime; dfd_bg_image_repeat=\u00a0\u00bbno-repeat\u00a0\u00bb dfd_bg_image_size=\u00a0\u00bbmanual\u00a0\u00bb dfd_bg_image_manual_size=\u00a0\u00bb100%\u00a0\u00bb dfd_bg_img_attach=\u00a0\u00bbfixed\u00a0\u00bb dfd_bg_image_position=\u00a0\u00bb0px -130px\u00a0\u00bb dfd_bg_image_repeat_mobile=\u00a0\u00bbno-repeat\u00a0\u00bb dfd_bg_image_size_mobile=\u00a0\u00bbmanual\u00a0\u00bb dfd_bg_image_manual_size_mobile=\u00a0\u00bb130%\u00a0\u00bb dfd_enable_overlay=\u00a0\u00bb\u00a0\u00bb dfd_row_config=\u00a0\u00bbfull_width_content\u00a0\u00bb el_class=\u00a0\u00bbresponsive_space\u00a0\u00bb dfd_bg_image_new_responsive=\u00a0\u00bb29907&Prime; dfd_bg_resolution=\u00a0\u00bb800&Prime; dfd_bg_image_position_mobile=\u00a0\u00bb0px 50px\u00a0\u00bb][vc_column][\/vc_column][\/vc_row][vc_row css=\u00a0\u00bb.vc_custom_1549536449751{padding-right: 30px !important;padding-left: 30px !important;}\u00a0\u00bb][vc_column][\/vc_column][\/vc_row][vc_row][vc_column dfd_column_responsive_enable=\u00a0\u00bbdfd-column-responsive-enable\u00a0\u00bb css=\u00a0\u00bb.vc_custom_1549544796457{padding-right: 100px !important;padding-left: 100px !important;}\u00a0\u00bb\" \/>\n<meta property=\"og:url\" content=\"https:\/\/hotel-tobler.ch\/allgemeines\/\" \/>\n<meta property=\"og:site_name\" content=\"hotel-tobler\" \/>\n<meta property=\"article:publisher\" content=\"https:\/\/www.facebook.com\/toblerascona\/\" \/>\n<meta property=\"article:modified_time\" content=\"2026-03-24T08:11:45+00:00\" \/>\n<meta name=\"twitter:card\" content=\"summary_large_image\" \/>\n<meta name=\"twitter:label1\" content=\"Dur\u00e9e de lecture estim\u00e9e\" \/>\n\t<meta name=\"twitter:data1\" content=\"5 minutes\" \/>\n<script type=\"application\/ld+json\" class=\"yoast-schema-graph\">{\"@context\":\"https:\/\/schema.org\",\"@graph\":[{\"@type\":\"WebPage\",\"@id\":\"https:\/\/hotel-tobler.ch\/allgemeines\/\",\"url\":\"https:\/\/hotel-tobler.ch\/allgemeines\/\",\"name\":\"Informations g\u00e9n\u00e9rales - hotel-tobler\",\"isPartOf\":{\"@id\":\"https:\/\/hotel-tobler.ch\/#website\"},\"datePublished\":\"2019-02-07T12:45:24+00:00\",\"dateModified\":\"2026-03-24T08:11:45+00:00\",\"breadcrumb\":{\"@id\":\"https:\/\/hotel-tobler.ch\/allgemeines\/#breadcrumb\"},\"inLanguage\":\"fr-FR\",\"potentialAction\":[{\"@type\":\"ReadAction\",\"target\":[\"https:\/\/hotel-tobler.ch\/allgemeines\/\"]}]},{\"@type\":\"BreadcrumbList\",\"@id\":\"https:\/\/hotel-tobler.ch\/allgemeines\/#breadcrumb\",\"itemListElement\":[{\"@type\":\"ListItem\",\"position\":1,\"name\":\"Startseite\",\"item\":\"https:\/\/hotel-tobler.ch\/fr\/\"},{\"@type\":\"ListItem\",\"position\":2,\"name\":\"Informations g\u00e9n\u00e9rales\"}]},{\"@type\":\"WebSite\",\"@id\":\"https:\/\/hotel-tobler.ch\/#website\",\"url\":\"https:\/\/hotel-tobler.ch\/\",\"name\":\"hotel-tobler\",\"description\":\"Hotel in Ascona\",\"publisher\":{\"@id\":\"https:\/\/hotel-tobler.ch\/#organization\"},\"potentialAction\":[{\"@type\":\"SearchAction\",\"target\":{\"@type\":\"EntryPoint\",\"urlTemplate\":\"https:\/\/hotel-tobler.ch\/?s={search_term_string}\"},\"query-input\":{\"@type\":\"PropertyValueSpecification\",\"valueRequired\":true,\"valueName\":\"search_term_string\"}}],\"inLanguage\":\"fr-FR\"},{\"@type\":\"Organization\",\"@id\":\"https:\/\/hotel-tobler.ch\/#organization\",\"name\":\"Hotel Tobler\",\"url\":\"https:\/\/hotel-tobler.ch\/\",\"logo\":{\"@type\":\"ImageObject\",\"inLanguage\":\"fr-FR\",\"@id\":\"https:\/\/hotel-tobler.ch\/#\/schema\/logo\/image\/\",\"url\":\"https:\/\/hotel-tobler.ch\/wp-content\/uploads\/2019\/02\/hotel_tobler_logo_footer.png\",\"contentUrl\":\"https:\/\/hotel-tobler.ch\/wp-content\/uploads\/2019\/02\/hotel_tobler_logo_footer.png\",\"width\":152,\"height\":152,\"caption\":\"Hotel Tobler\"},\"image\":{\"@id\":\"https:\/\/hotel-tobler.ch\/#\/schema\/logo\/image\/\"},\"sameAs\":[\"https:\/\/www.facebook.com\/toblerascona\/\",\"https:\/\/www.instagram.com\/hoteltobler\"]}]}<\/script>\n<!-- \/ Yoast SEO plugin. -->","yoast_head_json":{"title":"Informations g\u00e9n\u00e9rales - hotel-tobler","robots":{"index":"index","follow":"follow","max-snippet":"max-snippet:-1","max-image-preview":"max-image-preview:large","max-video-preview":"max-video-preview:-1"},"canonical":"https:\/\/hotel-tobler.ch\/allgemeines\/","og_locale":"fr_FR","og_type":"article","og_title":"Informations g\u00e9n\u00e9rales - hotel-tobler","og_description":"[vc_row dfd_bg_style=\u00a0\u00bbimage\u00a0\u00bb dfd_bg_image_new=\u00a0\u00bb29907&Prime; dfd_bg_image_repeat=\u00a0\u00bbno-repeat\u00a0\u00bb dfd_bg_image_size=\u00a0\u00bbmanual\u00a0\u00bb dfd_bg_image_manual_size=\u00a0\u00bb100%\u00a0\u00bb dfd_bg_img_attach=\u00a0\u00bbfixed\u00a0\u00bb dfd_bg_image_position=\u00a0\u00bb0px -130px\u00a0\u00bb dfd_bg_image_repeat_mobile=\u00a0\u00bbno-repeat\u00a0\u00bb dfd_bg_image_size_mobile=\u00a0\u00bbmanual\u00a0\u00bb dfd_bg_image_manual_size_mobile=\u00a0\u00bb130%\u00a0\u00bb dfd_enable_overlay=\u00a0\u00bb\u00a0\u00bb dfd_row_config=\u00a0\u00bbfull_width_content\u00a0\u00bb el_class=\u00a0\u00bbresponsive_space\u00a0\u00bb dfd_bg_image_new_responsive=\u00a0\u00bb29907&Prime; dfd_bg_resolution=\u00a0\u00bb800&Prime; dfd_bg_image_position_mobile=\u00a0\u00bb0px 50px\u00a0\u00bb][vc_column][\/vc_column][\/vc_row][vc_row css=\u00a0\u00bb.vc_custom_1549536449751{padding-right: 30px !important;padding-left: 30px !important;}\u00a0\u00bb][vc_column][\/vc_column][\/vc_row][vc_row][vc_column dfd_column_responsive_enable=\u00a0\u00bbdfd-column-responsive-enable\u00a0\u00bb css=\u00a0\u00bb.vc_custom_1549544796457{padding-right: 100px !important;padding-left: 100px !important;}\u00a0\u00bb","og_url":"https:\/\/hotel-tobler.ch\/allgemeines\/","og_site_name":"hotel-tobler","article_publisher":"https:\/\/www.facebook.com\/toblerascona\/","article_modified_time":"2026-03-24T08:11:45+00:00","twitter_card":"summary_large_image","twitter_misc":{"Dur\u00e9e de lecture estim\u00e9e":"5 minutes"},"schema":{"@context":"https:\/\/schema.org","@graph":[{"@type":"WebPage","@id":"https:\/\/hotel-tobler.ch\/allgemeines\/","url":"https:\/\/hotel-tobler.ch\/allgemeines\/","name":"Informations g\u00e9n\u00e9rales - hotel-tobler","isPartOf":{"@id":"https:\/\/hotel-tobler.ch\/#website"},"datePublished":"2019-02-07T12:45:24+00:00","dateModified":"2026-03-24T08:11:45+00:00","breadcrumb":{"@id":"https:\/\/hotel-tobler.ch\/allgemeines\/#breadcrumb"},"inLanguage":"fr-FR","potentialAction":[{"@type":"ReadAction","target":["https:\/\/hotel-tobler.ch\/allgemeines\/"]}]},{"@type":"BreadcrumbList","@id":"https:\/\/hotel-tobler.ch\/allgemeines\/#breadcrumb","itemListElement":[{"@type":"ListItem","position":1,"name":"Startseite","item":"https:\/\/hotel-tobler.ch\/fr\/"},{"@type":"ListItem","position":2,"name":"Informations g\u00e9n\u00e9rales"}]},{"@type":"WebSite","@id":"https:\/\/hotel-tobler.ch\/#website","url":"https:\/\/hotel-tobler.ch\/","name":"hotel-tobler","description":"Hotel in Ascona","publisher":{"@id":"https:\/\/hotel-tobler.ch\/#organization"},"potentialAction":[{"@type":"SearchAction","target":{"@type":"EntryPoint","urlTemplate":"https:\/\/hotel-tobler.ch\/?s={search_term_string}"},"query-input":{"@type":"PropertyValueSpecification","valueRequired":true,"valueName":"search_term_string"}}],"inLanguage":"fr-FR"},{"@type":"Organization","@id":"https:\/\/hotel-tobler.ch\/#organization","name":"Hotel Tobler","url":"https:\/\/hotel-tobler.ch\/","logo":{"@type":"ImageObject","inLanguage":"fr-FR","@id":"https:\/\/hotel-tobler.ch\/#\/schema\/logo\/image\/","url":"https:\/\/hotel-tobler.ch\/wp-content\/uploads\/2019\/02\/hotel_tobler_logo_footer.png","contentUrl":"https:\/\/hotel-tobler.ch\/wp-content\/uploads\/2019\/02\/hotel_tobler_logo_footer.png","width":152,"height":152,"caption":"Hotel Tobler"},"image":{"@id":"https:\/\/hotel-tobler.ch\/#\/schema\/logo\/image\/"},"sameAs":["https:\/\/www.facebook.com\/toblerascona\/","https:\/\/www.instagram.com\/hoteltobler"]}]}},"_links":{"self":[{"href":"https:\/\/hotel-tobler.ch\/fr\/wp-json\/wp\/v2\/pages\/31287","targetHints":{"allow":["GET"]}}],"collection":[{"href":"https:\/\/hotel-tobler.ch\/fr\/wp-json\/wp\/v2\/pages"}],"about":[{"href":"https:\/\/hotel-tobler.ch\/fr\/wp-json\/wp\/v2\/types\/page"}],"author":[{"embeddable":true,"href":"https:\/\/hotel-tobler.ch\/fr\/wp-json\/wp\/v2\/users\/1"}],"replies":[{"embeddable":true,"href":"https:\/\/hotel-tobler.ch\/fr\/wp-json\/wp\/v2\/comments?post=31287"}],"version-history":[{"count":16,"href":"https:\/\/hotel-tobler.ch\/fr\/wp-json\/wp\/v2\/pages\/31287\/revisions"}],"predecessor-version":[{"id":37835,"href":"https:\/\/hotel-tobler.ch\/fr\/wp-json\/wp\/v2\/pages\/31287\/revisions\/37835"}],"wp:attachment":[{"href":"https:\/\/hotel-tobler.ch\/fr\/wp-json\/wp\/v2\/media?parent=31287"}],"curies":[{"name":"wp","href":"https:\/\/api.w.org\/{rel}","templated":true}]}}